{"id":1021,"date":"2019-11-05T08:52:34","date_gmt":"2019-11-05T08:52:34","guid":{"rendered":"https:\/\/blankfilms.es\/privacy-policy\/"},"modified":"2021-11-19T20:51:18","modified_gmt":"2021-11-19T20:51:18","slug":"privacy-policy","status":"publish","type":"page","link":"https:\/\/blankfilms.es\/en\/privacy-policy\/","title":{"rendered":"Privacy Policy"},"content":{"rendered":"<h3>\u00bfQui\u00e9n es el responsable de tratamiento de tus datos?<\/h3>\n<p><strong>Identidad<\/strong>: PELIS CHULAS, S.L.U.<br \/>\n<strong>CIF<\/strong>: B-64645591<br \/>\n<strong>Direcci\u00f3n postal<\/strong>: C\/ Font del Mont 23 &#8211; Barcelona 08017<br \/>\ne-mail: <a href=\"mailto:sue@blankfilms.es\">sue@blankfilms.es<\/a><\/p>\n<h3>\u00bfCon que finalidad tratamos sus datos?<\/h3>\n<p>Gesti\u00f3n de la web (consultas, contactos, etc).<br \/>\nEnv\u00edo de mailings y newsletters;<br \/>\nElaboraci\u00f3n de perfiles.<\/p>\n<h3>\u00bfCu\u00e1l es la legitimaci\u00f3n del tratamiento de sus datos?<\/h3>\n<p>Consentimiento del interesado, a excepci\u00f3n de determinados supuestos en los que exista inter\u00e9s leg\u00edtimo.<\/p>\n<h3>\u00bfA qu\u00e9 destinatarios comunicamos sus datos?<\/h3>\n<p>Sus datos ser\u00e1n tratados exclusivamente por PELIS CHULAS, S.L.U. con la siguiente excepci\u00f3n: los datos que nos proporcione podr\u00e1n ser comunicados a terceras entidades para el cumplimiento de fines directamente relacionados con\u00a0PELIS CHULAS, S.L.U., como a las entidades u organismos a los que exista obligaci\u00f3n legal. No se producir\u00e1n transferencias a terceros pa\u00edses fuera de la Uni\u00f3n Europea sin que medie su consentimiento.<\/p>\n<h3>\u00bfCu\u00e1nto tiempo conservamos sus datos personales?<\/h3>\n<p>Los datos personales que nos facilite se conservar\u00e1n mientras haya un inter\u00e9s mutuo para mantener la finalidad del tratamiento, o cuando sea necesario conservarlas por raz\u00f3n de obligaciones legales. Cuando la conservaci\u00f3n ya no sea necesaria, se suprimir\u00e1n con las medidas de Seguridad adecuadas para garantizar la seudonimizaci\u00f3n de los datos o su destrucci\u00f3n total.<\/p>\n<h3>\u00bfCu\u00e1les son sus derechos cuando nos facilita sus datos personales?<\/h3>\n<ul>\n<li>Derecho a retirar el consentimiento en cualquier momento;<\/li>\n<li>Derecho a acceder, rectificar y suprimir los datos;<\/li>\n<li>Derecho de limitaci\u00f3n del uso u oposici\u00f3n del tratamiento de datos;<\/li>\n<li>Derecho a presentar una reclamaci\u00f3n ante la Autoridad de Control (www.agpd.es), si considera que el tratamiento no se ajusta a la normativa vigente.<\/li>\n<li>Descargue todos los modelos de ejercicio de derechos aqu\u00ed.<\/li>\n<\/ul>\n<p>Env\u00eden el cuestionario a la siguiente direcci\u00f3n de correo: <a href=\"mailto:sue@blankfilms.es\">sue@blankfilms.es<\/a><\/p>\n<h2>Aviso legal<\/h2>\n<p>PELIS CHULAS, S.L.U. asume el compromiso de procesar la informaci\u00f3n de sus usuarios y clientes con plenas garant\u00edas y cumplir con los requisitos nacionales y europeos que regulan la recopilaci\u00f3n y uso de los datos personales de sus usuarios.<\/p>\n<p>Esta web, por tanto, cumple rigurosamente con La Ley Org\u00e1nica 15\/1999, de 13 de diciembre, de Protecci\u00f3n de Datos de Car\u00e1cter Personal (LOPD), y con el Real Decreto 1720\/2007, de 21 de diciembre, conocido como el Reglamento de desarrollo de la LOPD. Cumple tambi\u00e9n con el Reglamento (UE) 2016\/679 del Parlamento Europeo y del Consejo de 27 de abril de 2016 relativo a la protecci\u00f3n de las personas f\u00edsicas (RGPD), as\u00ed como con la Ley 34\/2002, de 11 de julio, de Servicios de la Sociedad de la Informaci\u00f3n y Comercio Electr\u00f3nico (LSSICE o LSSI).<\/p>\n<h3>Acceso y uso de la p\u00e1gina web<\/h3>\n<h3><\/h3>\n<p><strong>Acceso a la p\u00e1gina web<\/strong><\/p>\n<p>Los usuarios pueden acceder de forma gratuita y libre a la p\u00e1gina web. En el caso de productos o servicios que requieran cierto pago, PELIS CHULAS, S.L.U. informar\u00e1 de las condiciones particulares correspondientes a los usuarios.<\/p>\n<p>En general, el acceso a la informaci\u00f3n y las utilidades de esta p\u00e1gina web no exige registro previo de usuario. No obstante, los usuarios podr\u00e1n solicitar, cumplimentando los formularios correspondientes, la recepci\u00f3n de informaci\u00f3n y publicidad sobre PELIS CHULAS, S.L.U. (newsletter, por ejemplo). Los usuarios garantizan que toda la informaci\u00f3n y los datos de car\u00e1cter personal facilitados en los formularios ser\u00e1n propios y ciertos. Los usuarios ser\u00e1n los \u00fanicos responsables de las manifestaciones falsas o inexactas que realicen, y de los perjuicios que el uso de esta informaci\u00f3n pueda ocasionar a PELIS CHULAS, S.L.U. o a terceros. De igual modo, los usuarios se comprometen a notificar a PELIS CHULAS, S.L.U. cualquier cambio que pueda producirse, en relaci\u00f3n con la informaci\u00f3n y los datos personales comunicados.<\/p>\n<p>PELIS CHULAS, S.L.U. se reserva el derecho a interrumpir el acceso a su p\u00e1gina web, en cualquier momento y sin previo aviso, sea por motivos de seguridad, control, mantenimiento, errores de suministro el\u00e9ctrico o por cualquier otra causa. Esta interrupci\u00f3n podr\u00e1 tener car\u00e1cter temporal o definitivo, en cuyo caso se comunicar\u00e1 esta circunstancia a los usuarios. Por lo tanto, PELIS CHULAS, S.L.U. no garantiza la fiabilidad, la disponibilidad ni la continuidad de su p\u00e1gina web, en el caso de presentarse las causas anteriormente citadas, por tanto, en ning\u00fan momento se podr\u00e1n exigir responsabilidades a PELIS CHULAS, S.L.U. en este sentido.<br \/>\n<strong><br \/>\nUso de la p\u00e1gina web<\/strong><\/p>\n<p>La utilizaci\u00f3n de la p\u00e1gina web de PELIS CHULAS, S.L.U. por cualquier persona le atribuye la condici\u00f3n de usuario, quien acepta que ese uso es bajo su exclusiva responsabilidad.<\/p>\n<p>Los usuarios se comprometen a utilizar la informaci\u00f3n, actividades, productos o servicios que PELIS CHULAS, S.L.U. pone a su disposici\u00f3n en esta p\u00e1gina web conforme a las presentes condiciones generales y a la legalidad vigente, y, en cualquier caso, se compromete a no utilizarlos para actividades contrarias a las leyes, a la moral o al orden p\u00fablico.<\/p>\n<p>Los Contenidos de la p\u00e1gina web son puestos a disposici\u00f3n de los usuarios por PELIS CHULAS, S.L.U. como informaci\u00f3n propia o, en su caso, de terceros. De este modo, PELIS CHULAS, S.L.U.\u00a0pondr\u00e1 los medios razonables a su disposici\u00f3n para que los Contenidos incluidos a su p\u00e1gina web sean exactos y est\u00e9n actualizados.<\/p>\n<p>En cuanto a los menores de edad que deseen hacer uso de esta p\u00e1gina web deber\u00e1n tener el permiso de sus padres o tutores, que en cualquier caso ser\u00e1n los responsables de sus actos. No obstante, PELIS CHULAS, S.L.U. garantiza la protecci\u00f3n del menor en cuanto a los Contenidos dirigidos especialmente al p\u00fablico familiar.<\/p>\n<h3>Informaci\u00f3n sobre los v\u00ednculos \u201clinks\u201d<\/h3>\n<p>Las p\u00e1ginas de Internet de PELIS CHULAS, S.L.U. pueden contener enlaces (<em>links<\/em>) a otras p\u00e1ginas de terceros. Por lo tanto, \u00e9sta no podr\u00e1 asumir responsabilidades por el contenido que pueda aparecer en p\u00e1ginas de terceros. Cualquier acto de transmisi\u00f3n, distribuci\u00f3n, cesi\u00f3n, reproducci\u00f3n, almacenamiento o comunicaci\u00f3n p\u00fablica total o parcial, debe contar con el consentimiento expreso de PELIS CHULAS, S.L.U.<\/p>\n<p>En cumplimiento de lo dispuesto en el art. 11 y 16 de la LSSICE, PELIS CHULAS, S.L.U. se pone a disposici\u00f3n de todos los usuarios, autoridades y fuerzas de seguridad, y colaborando de forma activa en la retirada o, cuando sea necesario, el bloqueo de todos aquellos contenidos que puedan afectar o contravenir la legislaci\u00f3n nacional, o internacional, derechos de terceros o la moral y el orden p\u00fablico. En caso de que el usuario considere que puede existir alg\u00fan contenido que pudiera ser susceptible de esta clasificaci\u00f3n, se ruega lo notifique de forma inmediata al administrador del sitio web.<\/p>\n<h3>Renuncia y limitaci\u00f3n de la responsabilidad<\/h3>\n<p>Los usuarios responder\u00e1n de los da\u00f1os y perjuicios de cualquier naturaleza que PELIS CHULAS, S.L.U. o terceros puedan sufrir como consecuencia del incumplimiento de cualquiera de las disposiciones estipuladas en este Aviso Legal o en su caso, en las condiciones de venta, pol\u00edtica de privacidad y el resto de condiciones legales que sean de aplicaci\u00f3n.<\/p>\n<p>PELIS CHULAS, S.L.U. no se responsabiliza de los da\u00f1os y perjuicios producidos en los equipos inform\u00e1ticos de los usuarios o de terceros derivados del acceso a esta p\u00e1gina web, porque este acceso no supone en ning\u00fan caso la obligaci\u00f3n de PELIS CHULAS, S.L.U. de controlar la ausencia de virus, gusanos o cualquier otro elemento inform\u00e1tico da\u00f1ino.<\/p>\n<p>PELIS CHULAS, S.L.U. no se responsabiliza de los contenidos y servicios de los enlaces, p\u00e1ginas o sistemas de terceros conectados a esta p\u00e1gina web y, por lo tanto, no se responsabiliza de los da\u00f1os producidos por la ilicitud, calidad, desactualizaci\u00f3n, indisponibilidad, error o inutilidad de los mismos.<\/p>\n<h3>Informaci\u00f3n relativa a la Propiedad Intelectual e Industrial<\/h3>\n<p>Todos los contenidos de esta p\u00e1gina web, entendiendo como tal, a t\u00edtulo meramente enunciativo los textos, fotograf\u00edas, gr\u00e1ficos, im\u00e1genes, iconos, signos distintivos o logotipos, marcas, nombres comerciales, tecnolog\u00eda, programario, enlaces y dem\u00e1s contenidos audiovisuales o sonoros, as\u00ed como su dise\u00f1o gr\u00e1fico y c\u00f3digos fuente (referidos de forma abreviada como los &#8216;Contenidos&#8217;), son propiedad intelectual de PELIS CHULAS, S.L.U. o, en su caso, de terceros, salvo especificaci\u00f3n de lo contrario.<\/p>\n<p>Los usuarios deber\u00e1n respetar en todo momento todos los derechos de propiedad intelectual e industrial sobre esta p\u00e1gina web, de titularidad de PELIS CHULAS, S.L.U. o de terceros.<\/p>\n<p>Queda expresamente prohibida la reproducci\u00f3n, transformaci\u00f3n, distribuci\u00f3n, comunicaci\u00f3n p\u00fablica, puesta a disposici\u00f3n, extracci\u00f3n, reutilizaci\u00f3n, retransmisi\u00f3n u utilizaci\u00f3n de cualquier naturaleza, por cualquier medio o procedimiento, de cualquiera de estos derechos, excepto en los casos que est\u00e9 legalmente permitido, es decir, autorizado por el titular de los correspondientes derechos. Para la utilizaci\u00f3n autorizada de los Contenidos de esta p\u00e1gina web, con finalidades exclusivamente informativas o pedag\u00f3gicas, los usuarios pueden dirigirse a <a href=\"mailto:sue@blankfilms.es\">sue@blankfilms.es<\/a>. No obstante, los usuarios podr\u00e1n visualizar y obtener una copia privada temporal de los Contenidos para su exclusivo uso personal y privado en sus sistemas inform\u00e1ticos, siempre que no sea con la finalidad de desarrollar actividades de car\u00e1cter comercial o profesional o con finalidades de distribuci\u00f3n, modificaci\u00f3n, alteraci\u00f3n o descompilaci\u00f3n.<\/p>\n<h3>Protecci\u00f3n de datos personales<\/h3>\n<p>Los datos de car\u00e1cter personal recibidos de los usuarios ser\u00e1n tratados de modo confidencial, cumpliendo adecuadamente y en todo momento las disposiciones contenidas en la Ley Org\u00e1nica 15\/1999, de 13 de diciembre, de Protecci\u00f3n de Datos de Car\u00e1cter Personal (en adelante, la \u201cLOPD\u201d), as\u00ed como en el Real Decreto 1720\/2007, de 21 de diciembre, por el que se aprueba el Reglamento de desarrollo de la LOPD y a partir del 25 de mayo de 2018, el Reglamento (UE) 2016\/679 de 27 de abril de 2016, relativo a la protecci\u00f3n de las personas f\u00edsicas en cuanto al tratamiento de datos personales y a libre circulaci\u00f3n de estos datos y por el que se deroga la Directiva 95\/46\/CE, y en cualesquiera otras normas vigentes o que en el futuro puedan promulgarse sobre la materia.<\/p>\n<h3>Legislaci\u00f3n aplicable y jurisdicci\u00f3n<\/h3>\n<p>El presente Aviso Legal queda sujeto a la vigente legislaci\u00f3n espa\u00f1ola aplicable. Para la resoluci\u00f3n de cualquier conflicto o litigio que pudiera derivarse del acceso a esta p\u00e1gina web, los usuarios y PELIS CHULAS, S.L.U.\u00a0se comprometen a someterse a los juzgados que resulten competentes.<\/p>\n<p>&nbsp;<\/p>\n","protected":false},"excerpt":{"rendered":"<p>\u00bfQui\u00e9n es el responsable de tratamiento de tus datos? Identidad: PELIS CHULAS, S.L.U. CIF: B-64645591 Direcci\u00f3n postal: C\/ Font del&#8230;<\/p>\n","protected":false},"author":1,"featured_media":0,"parent":0,"menu_order":0,"comment_status":"closed","ping_status":"open","template":"","meta":[],"acf":[],"yoast_head":"<!-- This site is optimized with the Yoast SEO plugin v17.6 - https:\/\/yoast.com\/wordpress\/plugins\/seo\/ -->\n<title>Privacy Policy - Blank Films<\/title>\n<meta name=\"robots\" content=\"index, follow, max-snippet:-1, max-image-preview:large, max-video-preview:-1\" \/>\n<link rel=\"canonical\" href=\"https:\/\/blankfilms.es\/en\/privacy-policy\/\" \/>\n<meta property=\"og:locale\" content=\"en_US\" \/>\n<meta property=\"og:type\" content=\"article\" \/>\n<meta property=\"og:title\" content=\"Privacy Policy - Blank Films\" \/>\n<meta property=\"og:description\" content=\"\u00bfQui\u00e9n es el responsable de tratamiento de tus datos? Identidad: PELIS CHULAS, S.L.U. CIF: B-64645591 Direcci\u00f3n postal: C\/ Font del...\" \/>\n<meta property=\"og:url\" content=\"https:\/\/blankfilms.es\/en\/privacy-policy\/\" \/>\n<meta property=\"og:site_name\" content=\"Blank Films\" \/>\n<meta property=\"article:modified_time\" content=\"2021-11-19T20:51:18+00:00\" \/>\n<meta name=\"twitter:card\" content=\"summary_large_image\" \/>\n<meta name=\"twitter:label1\" content=\"Est. reading time\" \/>\n\t<meta name=\"twitter:data1\" content=\"9 minutes\" \/>\n<script type=\"application\/ld+json\" class=\"yoast-schema-graph\">{\"@context\":\"https:\/\/schema.org\",\"@graph\":[{\"@type\":\"WebSite\",\"@id\":\"https:\/\/blankfilms.es\/#website\",\"url\":\"https:\/\/blankfilms.es\/\",\"name\":\"Blank Films\",\"description\":\"\",\"inLanguage\":\"en-US\"},{\"@type\":\"WebPage\",\"@id\":\"https:\/\/blankfilms.es\/en\/privacy-policy\/#webpage\",\"url\":\"https:\/\/blankfilms.es\/en\/privacy-policy\/\",\"name\":\"Privacy Policy - Blank Films\",\"isPartOf\":{\"@id\":\"https:\/\/blankfilms.es\/#website\"},\"datePublished\":\"2019-11-05T08:52:34+00:00\",\"dateModified\":\"2021-11-19T20:51:18+00:00\",\"breadcrumb\":{\"@id\":\"https:\/\/blankfilms.es\/en\/privacy-policy\/#breadcrumb\"},\"inLanguage\":\"en-US\",\"potentialAction\":[{\"@type\":\"ReadAction\",\"target\":[\"https:\/\/blankfilms.es\/en\/privacy-policy\/\"]}]},{\"@type\":\"BreadcrumbList\",\"@id\":\"https:\/\/blankfilms.es\/en\/privacy-policy\/#breadcrumb\",\"itemListElement\":[{\"@type\":\"ListItem\",\"position\":1,\"name\":\"Portada\",\"item\":\"https:\/\/blankfilms.es\/en\/\"},{\"@type\":\"ListItem\",\"position\":2,\"name\":\"Privacy Policy\"}]}]}<\/script>\n<!-- \/ Yoast SEO plugin. -->","yoast_head_json":{"title":"Privacy Policy - Blank Films","robots":{"index":"index","follow":"follow","max-snippet":"max-snippet:-1","max-image-preview":"max-image-preview:large","max-video-preview":"max-video-preview:-1"},"canonical":"https:\/\/blankfilms.es\/en\/privacy-policy\/","og_locale":"en_US","og_type":"article","og_title":"Privacy Policy - Blank Films","og_description":"\u00bfQui\u00e9n es el responsable de tratamiento de tus datos? Identidad: PELIS CHULAS, S.L.U. CIF: B-64645591 Direcci\u00f3n postal: C\/ Font del...","og_url":"https:\/\/blankfilms.es\/en\/privacy-policy\/","og_site_name":"Blank Films","article_modified_time":"2021-11-19T20:51:18+00:00","twitter_card":"summary_large_image","twitter_misc":{"Est. reading time":"9 minutes"},"schema":{"@context":"https:\/\/schema.org","@graph":[{"@type":"WebSite","@id":"https:\/\/blankfilms.es\/#website","url":"https:\/\/blankfilms.es\/","name":"Blank Films","description":"","inLanguage":"en-US"},{"@type":"WebPage","@id":"https:\/\/blankfilms.es\/en\/privacy-policy\/#webpage","url":"https:\/\/blankfilms.es\/en\/privacy-policy\/","name":"Privacy Policy - Blank Films","isPartOf":{"@id":"https:\/\/blankfilms.es\/#website"},"datePublished":"2019-11-05T08:52:34+00:00","dateModified":"2021-11-19T20:51:18+00:00","breadcrumb":{"@id":"https:\/\/blankfilms.es\/en\/privacy-policy\/#breadcrumb"},"inLanguage":"en-US","potentialAction":[{"@type":"ReadAction","target":["https:\/\/blankfilms.es\/en\/privacy-policy\/"]}]},{"@type":"BreadcrumbList","@id":"https:\/\/blankfilms.es\/en\/privacy-policy\/#breadcrumb","itemListElement":[{"@type":"ListItem","position":1,"name":"Portada","item":"https:\/\/blankfilms.es\/en\/"},{"@type":"ListItem","position":2,"name":"Privacy Policy"}]}]}},"_links":{"self":[{"href":"https:\/\/blankfilms.es\/en\/wp-json\/wp\/v2\/pages\/1021\/"}],"collection":[{"href":"https:\/\/blankfilms.es\/en\/wp-json\/wp\/v2\/pages\/"}],"about":[{"href":"https:\/\/blankfilms.es\/en\/wp-json\/wp\/v2\/types\/page\/"}],"author":[{"embeddable":true,"href":"https:\/\/blankfilms.es\/en\/wp-json\/wp\/v2\/users\/1\/"}],"replies":[{"embeddable":true,"href":"https:\/\/blankfilms.es\/en\/wp-json\/wp\/v2\/comments\/?post=1021"}],"version-history":[{"count":1,"href":"https:\/\/blankfilms.es\/en\/wp-json\/wp\/v2\/pages\/1021\/revisions\/"}],"predecessor-version":[{"id":1022,"href":"https:\/\/blankfilms.es\/en\/wp-json\/wp\/v2\/pages\/1021\/revisions\/1022\/"}],"wp:attachment":[{"href":"https:\/\/blankfilms.es\/en\/wp-json\/wp\/v2\/media\/?parent=1021"}],"curies":[{"name":"wp","href":"https:\/\/api.w.org\/{rel}","templated":true}]}}